{"id":1444,"date":"2023-11-10T19:31:23","date_gmt":"2023-11-10T19:31:23","guid":{"rendered":"https:\/\/tvallstream.store\/?post_type=product&#038;p=1444"},"modified":"2026-03-05T22:17:07","modified_gmt":"2026-03-05T22:17:07","slug":"tvallstream-6","status":"publish","type":"product","link":"https:\/\/tvallstream.store\/fr\/produit\/tvallstream-6\/","title":{"rendered":"tvallstream 6"},"content":{"rendered":"<p><img fetchpriority=\"high\" decoding=\"async\" src=\"https:\/\/azdesign.io\/wp-content\/uploads\/2022\/12\/647ab9b3bfb03-1.jpg\" sizes=\"(max-width: 1200px) 100vw, 1200px\" srcset=\"https:\/\/azdesign.io\/wp-content\/uploads\/2022\/12\/647ab9b3bfb03-1.jpg 1200w, https:\/\/azdesign.io\/wp-content\/uploads\/2022\/12\/647ab9b3bfb03-1-300x129.jpg 300w, https:\/\/azdesign.io\/wp-content\/uploads\/2022\/12\/647ab9b3bfb03-1-1024x440.jpg 1024w, https:\/\/azdesign.io\/wp-content\/uploads\/2022\/12\/647ab9b3bfb03-1-768x330.jpg 768w, https:\/\/azdesign.io\/wp-content\/uploads\/2022\/12\/647ab9b3bfb03-1-150x65.jpg 150w\" alt=\"\" width=\"1200\" height=\"516\" \/><\/p>\n<style>\/*! elementor - v3.15.0 - 02-08-2023 *\/<br \/>\n.elementor-heading-title{padding:0;margin:0;line-height:1}.elementor-widget-heading .elementor-heading-title[class*=elementor-size-]>a{color:inherit;font-size:inherit;line-height:inherit}.elementor-widget-heading .elementor-heading-title.elementor-size-small{font-size:15px}.elementor-widget-heading .elementor-heading-title.elementor-size-medium{font-size:19px}.elementor-widget-heading .elementor-heading-title.elementor-size-large{font-size:29px}.elementor-widget-heading .elementor-heading-title.elementor-size-xl{font-size:39px}.elementor-widget-heading .elementor-heading-title.elementor-size-xxl{font-size:59px}<\/style>\n<h2>Features<\/h2>\n<p>&nbsp;<\/p>\n<p>*Bluetooth 5.3<br \/>\n*HD audio<br \/>\n*Round appearance design<br \/>\n*300mAh charging ase<br \/>\n*Simple gesture peration<br \/>\n*USB-C charging port<br \/>\n*Noise reduction<br \/>\n*Indicator display<br \/>\n*Touch button<\/p>\n<h2>Description du produit<\/h2>\n<style>\/*! elementor - v3.15.0 - 02-08-2023 *\/<br \/>\n.elementor-widget-image{text-align:center}.elementor-widget-image a{display:inline-block}.elementor-widget-image a img[src$=\".svg\"]{width:48px}.elementor-widget-image img{vertical-align:middle;display:inline-block}<\/style>\n<p><img decoding=\"async\" src=\"https:\/\/azdesign.io\/wp-content\/uploads\/2022\/12\/647ab9fa2c49a.jpg\" sizes=\"(max-width: 580px) 100vw, 580px\" srcset=\"https:\/\/azdesign.io\/wp-content\/uploads\/2022\/12\/647ab9fa2c49a.jpg 580w, https:\/\/azdesign.io\/wp-content\/uploads\/2022\/12\/647ab9fa2c49a-213x300.jpg 213w, https:\/\/azdesign.io\/wp-content\/uploads\/2022\/12\/647ab9fa2c49a-150x211.jpg 150w\" alt=\"\" width=\"580\" height=\"815\" \/><\/p>\n<h2>Round design<\/h2>\n<p>Round, Small and cute, with perfect color matching, like a work of art.<\/p>\n<p><img decoding=\"async\" src=\"https:\/\/azdesign.io\/wp-content\/uploads\/2022\/12\/647aba0f2d6df.jpg\" sizes=\"(max-width: 580px) 100vw, 580px\" srcset=\"https:\/\/azdesign.io\/wp-content\/uploads\/2022\/12\/647aba0f2d6df.jpg 580w, https:\/\/azdesign.io\/wp-content\/uploads\/2022\/12\/647aba0f2d6df-213x300.jpg 213w, https:\/\/azdesign.io\/wp-content\/uploads\/2022\/12\/647aba0f2d6df-150x211.jpg 150w\" alt=\"\" width=\"580\" height=\"815\" \/><\/p>\n<h2>Noise reduction<\/h2>\n<p>Moderate abatement of external low-frequency noise.<\/p>\n<p><img loading=\"lazy\" decoding=\"async\" src=\"https:\/\/azdesign.io\/wp-content\/uploads\/2022\/12\/647aba20449e9.jpg\" sizes=\"(max-width: 580px) 100vw, 580px\" srcset=\"https:\/\/azdesign.io\/wp-content\/uploads\/2022\/12\/647aba20449e9.jpg 580w, https:\/\/azdesign.io\/wp-content\/uploads\/2022\/12\/647aba20449e9-213x300.jpg 213w, https:\/\/azdesign.io\/wp-content\/uploads\/2022\/12\/647aba20449e9-150x211.jpg 150w\" alt=\"\" width=\"580\" height=\"815\" \/><\/p>\n<h2>Hi-fi music quality<\/h2>\n<p>Excellent sound chip and speaker, bring you concert experience.<\/p>\n<p><img loading=\"lazy\" decoding=\"async\" src=\"https:\/\/azdesign.io\/wp-content\/uploads\/2022\/12\/647aba391c46b.jpg\" sizes=\"(max-width: 580px) 100vw, 580px\" srcset=\"https:\/\/azdesign.io\/wp-content\/uploads\/2022\/12\/647aba391c46b.jpg 580w, https:\/\/azdesign.io\/wp-content\/uploads\/2022\/12\/647aba391c46b-213x300.jpg 213w, https:\/\/azdesign.io\/wp-content\/uploads\/2022\/12\/647aba391c46b-150x211.jpg 150w\" alt=\"\" width=\"580\" height=\"815\" \/><\/p>\n<h2>300mAh charging box<\/h2>\n<p>Powerful battery and charging speed, 1H of charging, 20H of listening.<\/p>\n<h2>Specs :<\/h2>\n<h2>Model T03<\/h2>\n<p>&nbsp;<\/p>\n<h4 class=\"info-box-title title box-title-style-default wd-fontsize-m\" data-elementor-setting-key=\"title\">Bluetooth Version<\/h4>\n<p>5.3<\/p>\n<h4 class=\"info-box-title title box-title-style-default wd-fontsize-m\" data-elementor-setting-key=\"title\">Bluetooth working frequency<\/h4>\n<table>\n<tbody>\n<tr>\n<td>2.402GHz-2483.5MHz<\/td>\n<\/tr>\n<\/tbody>\n<\/table>\n<h4 class=\"info-box-title title box-title-style-default wd-fontsize-m\" data-elementor-setting-key=\"title\">Receive sensitivity<\/h4>\n<p>2.402GHz-2483.5MHz<\/p>\n<h4 class=\"info-box-title title box-title-style-default wd-fontsize-m\" data-elementor-setting-key=\"title\">Transmission distance<\/h4>\n<p>\u226510M<\/p>\n<h4 class=\"info-box-title title box-title-style-default wd-fontsize-m\" data-elementor-setting-key=\"title\">Horn power<\/h4>\n<p>3mW<\/p>\n<h4 class=\"info-box-title title box-title-style-default wd-fontsize-m\" data-elementor-setting-key=\"title\">Frequency response<\/h4>\n<p>20Hz~20KHz<\/p>\n<h4 class=\"info-box-title title box-title-style-default wd-fontsize-m\" data-elementor-setting-key=\"title\">Speaker type<\/h4>\n<p>\u03a613mm@32hm<\/p>\n<h4 class=\"info-box-title title box-title-style-default wd-fontsize-m\" data-elementor-setting-key=\"title\">Earbuds battery capacity<\/h4>\n<p>30mAh<\/p>\n<h4 class=\"info-box-title title box-title-style-default wd-fontsize-m\" data-elementor-setting-key=\"title\">Charging time<\/h4>\n<p>about 1H<\/p>\n<h4 class=\"info-box-title title box-title-style-default wd-fontsize-m\" data-elementor-setting-key=\"title\">Music playing time<\/h4>\n<p>about 4H<\/p>\n<h4 class=\"info-box-title title box-title-style-default wd-fontsize-m\" data-elementor-setting-key=\"title\">Talk time<\/h4>\n<p>about 3.5H<\/p>\n<h4 class=\"info-box-title title box-title-style-default wd-fontsize-m\" data-elementor-setting-key=\"title\">Charging case battery capacity<\/h4>\n<p>300mAh<\/p>\n<h4 class=\"info-box-title title box-title-style-default wd-fontsize-m\" data-elementor-setting-key=\"title\">Charging case charging time<\/h4>\n<p>1h<\/p>\n<h4 class=\"info-box-title title box-title-style-default wd-fontsize-m\" data-elementor-setting-key=\"title\">Standby time<\/h4>\n<p>4 months when fully charged<\/p>\n<h4 class=\"info-box-title title box-title-style-default wd-fontsize-m\" data-elementor-setting-key=\"title\">Support Bluetooth profile<\/h4>\n<p>a2dp\/avctp\/avdtp\/avrcp\/hfp\/spp\/<\/p>\n<p>smp\/att\/gap\/gatt\/rfcomm\/sdp\/2cap<\/p>\n<h2>Packing<\/h2>\n<p><img loading=\"lazy\" decoding=\"async\" src=\"https:\/\/azdesign.io\/wp-content\/uploads\/2022\/12\/647ab99e33f74-1024x629.jpg\" sizes=\"(max-width: 1024px) 100vw, 1024px\" srcset=\"https:\/\/azdesign.io\/wp-content\/uploads\/2022\/12\/647ab99e33f74-1024x629.jpg 1024w, https:\/\/azdesign.io\/wp-content\/uploads\/2022\/12\/647ab99e33f74-300x184.jpg 300w, https:\/\/azdesign.io\/wp-content\/uploads\/2022\/12\/647ab99e33f74-768x472.jpg 768w, https:\/\/azdesign.io\/wp-content\/uploads\/2022\/12\/647ab99e33f74-150x92.jpg 150w, https:\/\/azdesign.io\/wp-content\/uploads\/2022\/12\/647ab99e33f74.jpg 1198w\" alt=\"\" width=\"1024\" height=\"629\" \/><\/p>","protected":false},"excerpt":{"rendered":"<p>Caract\u00e9ristiques *Bluetooth 5.3 *Audio HD *Conception d&#039;apparence ronde *Ase de charge de 300 mAh *Op\u00e9ration gestuelle simple *Port de chargement USB-C *R\u00e9duction du bruit *Affichage de l&#039;indicateur *Bouton tactile Description du produit<span class=\"excerpt-hellip\"> [\u2026]<\/span><\/p>","protected":false},"featured_media":1468,"comment_status":"open","ping_status":"closed","template":"","meta":[],"product_brand":[],"product_cat":[178],"product_tag":[],"class_list":{"0":"post-1444","1":"product","2":"type-product","3":"status-publish","4":"has-post-thumbnail","6":"product_cat-lignio-brand","8":"first","9":"instock","10":"shipping-taxable","11":"purchasable","12":"product-type-simple"},"_links":{"self":[{"href":"https:\/\/tvallstream.store\/fr\/wp-json\/wp\/v2\/product\/1444","targetHints":{"allow":["GET"]}}],"collection":[{"href":"https:\/\/tvallstream.store\/fr\/wp-json\/wp\/v2\/product"}],"about":[{"href":"https:\/\/tvallstream.store\/fr\/wp-json\/wp\/v2\/types\/product"}],"replies":[{"embeddable":true,"href":"https:\/\/tvallstream.store\/fr\/wp-json\/wp\/v2\/comments?post=1444"}],"version-history":[{"count":2,"href":"https:\/\/tvallstream.store\/fr\/wp-json\/wp\/v2\/product\/1444\/revisions"}],"predecessor-version":[{"id":1555,"href":"https:\/\/tvallstream.store\/fr\/wp-json\/wp\/v2\/product\/1444\/revisions\/1555"}],"wp:featuredmedia":[{"embeddable":true,"href":"https:\/\/tvallstream.store\/fr\/wp-json\/wp\/v2\/media\/1468"}],"wp:attachment":[{"href":"https:\/\/tvallstream.store\/fr\/wp-json\/wp\/v2\/media?parent=1444"}],"wp:term":[{"taxonomy":"product_brand","embeddable":true,"href":"https:\/\/tvallstream.store\/fr\/wp-json\/wp\/v2\/product_brand?post=1444"},{"taxonomy":"product_cat","embeddable":true,"href":"https:\/\/tvallstream.store\/fr\/wp-json\/wp\/v2\/product_cat?post=1444"},{"taxonomy":"product_tag","embeddable":true,"href":"https:\/\/tvallstream.store\/fr\/wp-json\/wp\/v2\/product_tag?post=1444"}],"curies":[{"name":"wp","href":"https:\/\/api.w.org\/{rel}","templated":true}]}}