{"id":1448,"date":"2023-11-10T19:31:23","date_gmt":"2023-11-10T19:31:23","guid":{"rendered":"https:\/\/tvallstream.store\/?post_type=product&#038;p=1448"},"modified":"2026-03-05T22:18:04","modified_gmt":"2026-03-05T22:18:04","slug":"tvallstream-0","status":"publish","type":"product","link":"https:\/\/tvallstream.store\/es\/producto\/tvallstream-0\/","title":{"rendered":"tvallstream 0"},"content":{"rendered":"<p><img loading=\"lazy\" width=\"1200\" height=\"516\" src=\"https:\/\/azdesign.io\/wp-content\/uploads\/2023\/09\/6358ea721b978.jpg\" alt=\"\" decoding=\"async\" srcset=\"https:\/\/azdesign.io\/wp-content\/uploads\/2023\/09\/6358ea721b978.jpg 1200w, https:\/\/azdesign.io\/wp-content\/uploads\/2023\/09\/6358ea721b978-300x129.jpg 300w, https:\/\/azdesign.io\/wp-content\/uploads\/2023\/09\/6358ea721b978-1024x440.jpg 1024w, https:\/\/azdesign.io\/wp-content\/uploads\/2023\/09\/6358ea721b978-768x330.jpg 768w, https:\/\/azdesign.io\/wp-content\/uploads\/2023\/09\/6358ea721b978-150x65.jpg 150w\" sizes=\"auto, (max-width: 1200px) 100vw, 1200px\" \/>\t\t\t\t\t<\/p>\n<style>\/*! elementor - v3.16.0 - 14-09-2023 *\/\n.elementor-heading-title{padding:0;margin:0;line-height:1}.elementor-widget-heading .elementor-heading-title[class*=elementor-size-]>a{color:inherit;font-size:inherit;line-height:inherit}.elementor-widget-heading .elementor-heading-title.elementor-size-small{font-size:15px}.elementor-widget-heading .elementor-heading-title.elementor-size-medium{font-size:19px}.elementor-widget-heading .elementor-heading-title.elementor-size-large{font-size:29px}.elementor-widget-heading .elementor-heading-title.elementor-size-xl{font-size:39px}.elementor-widget-heading .elementor-heading-title.elementor-size-xxl{font-size:59px}<\/style>\n<h2>Features<\/h2>\n<link rel=\"stylesheet\" id=\"wd-text-block-css\" href=\"https:\/\/azdesign.io\/wp-content\/themes\/woodmart\/css\/parts\/el-text-block.min.css?ver=7.2.5\" type=\"text\/css\" media=\"all\" \/>\n<p>*Universal device<br \/>*Fast charging &amp; transmission<br \/>*Insert to use<br \/>*Easy operation<br \/>*Aluminum material<br \/>*Mini size<\/p>\n<h2>Descripci\u00f3n del Producto<br \/>\n<\/h2>\n<style>\/*! elementor - v3.16.0 - 14-09-2023 *\/\n.elementor-widget-image{text-align:center}.elementor-widget-image a{display:inline-block}.elementor-widget-image a img[src$=\".svg\"]{width:48px}.elementor-widget-image img{vertical-align:middle;display:inline-block}<\/style>\n<p>\t\t\t\t\t\t\t\t\t\t\t\t<img loading=\"lazy\" decoding=\"async\" width=\"580\" height=\"770\" src=\"https:\/\/azdesign.io\/wp-content\/uploads\/2023\/09\/6358eaa1c3e87.jpg\" alt=\"\" srcset=\"https:\/\/azdesign.io\/wp-content\/uploads\/2023\/09\/6358eaa1c3e87.jpg 580w, https:\/\/azdesign.io\/wp-content\/uploads\/2023\/09\/6358eaa1c3e87-226x300.jpg 226w, https:\/\/azdesign.io\/wp-content\/uploads\/2023\/09\/6358eaa1c3e87-150x199.jpg 150w\" sizes=\"auto, (max-width: 580px) 100vw, 580px\" \/>\t\t\t\t\t\t\t\t\t\t\t\t\t\t\t<\/p>\n<h2>Easy operation<\/h2>\n<p>Insert to use, no need to download drivers, more convenient.<\/p>\n<p>\t\t\t\t\t\t\t\t\t\t\t\t\t\t\t<img loading=\"lazy\" decoding=\"async\" width=\"580\" height=\"770\" src=\"https:\/\/azdesign.io\/wp-content\/uploads\/2023\/09\/6358eabe27e94.jpg\" alt=\"\" srcset=\"https:\/\/azdesign.io\/wp-content\/uploads\/2023\/09\/6358eabe27e94.jpg 580w, https:\/\/azdesign.io\/wp-content\/uploads\/2023\/09\/6358eabe27e94-226x300.jpg 226w, https:\/\/azdesign.io\/wp-content\/uploads\/2023\/09\/6358eabe27e94-150x199.jpg 150w\" sizes=\"auto, (max-width: 580px) 100vw, 580px\" \/>\t\t\t\t\t\t\t\t\t\t\t\t\t\t\t<\/p>\n<h2>Suitable for multiple device<\/h2>\n<p>Available for Computer\/extended USB\/charger\/car charger\/type-c earphone\/Hard-disk\/phone.<\/p>\n<p>\t\t\t\t\t\t\t\t\t\t\t\t\t\t\t<img loading=\"lazy\" decoding=\"async\" width=\"580\" height=\"770\" src=\"https:\/\/azdesign.io\/wp-content\/uploads\/2023\/09\/6358eae01e8f6.jpg\" alt=\"\" srcset=\"https:\/\/azdesign.io\/wp-content\/uploads\/2023\/09\/6358eae01e8f6.jpg 580w, https:\/\/azdesign.io\/wp-content\/uploads\/2023\/09\/6358eae01e8f6-226x300.jpg 226w, https:\/\/azdesign.io\/wp-content\/uploads\/2023\/09\/6358eae01e8f6-150x199.jpg 150w\" sizes=\"auto, (max-width: 580px) 100vw, 580px\" \/>\t\t\t\t\t\t\t\t\t\t\t\t\t\t\t<\/p>\n<h2>Fast transmission<\/h2>\n<p>Super low impedance, support stable tansmission and fast charging.<\/p>\n<p>\t\t\t\t\t\t\t\t\t\t\t\t\t\t\t<img loading=\"lazy\" decoding=\"async\" width=\"580\" height=\"770\" src=\"https:\/\/azdesign.io\/wp-content\/uploads\/2023\/09\/6358eaf19b591.jpg\" alt=\"\" srcset=\"https:\/\/azdesign.io\/wp-content\/uploads\/2023\/09\/6358eaf19b591.jpg 580w, https:\/\/azdesign.io\/wp-content\/uploads\/2023\/09\/6358eaf19b591-226x300.jpg 226w, https:\/\/azdesign.io\/wp-content\/uploads\/2023\/09\/6358eaf19b591-150x199.jpg 150w\" sizes=\"auto, (max-width: 580px) 100vw, 580px\" \/>\t\t\t\t\t\t\t\t\t\t\t\t\t\t\t<\/p>\n<h2>Sturdy and durable<\/h2>\n<p>Aluminum alloy material for box, anti-crash &amp; anti-crack.\u00a0<\/p>\n<h2>Specs : <\/h2>\n<h2>Model BTS12<br \/>\n<\/h2>\n<link rel=\"stylesheet\" id=\"wd-info-box-css\" href=\"https:\/\/azdesign.io\/wp-content\/themes\/woodmart\/css\/parts\/el-info-box.min.css?ver=7.2.5\" type=\"text\/css\" media=\"all\" \/>\n<h4\t\t\t\t\t\tclass=\"info-box-title title box-title-style-default wd-fontsize-m\" data-elementor-setting-key=\"title\">\n\t\t\t\t\t\t\t\tINPUT:\t\t\t\t\t\t<\/h4>\n<p>DC 5V1A<\/p>\n<h4\t\t\t\t\t\tclass=\"info-box-title title box-title-style-default wd-fontsize-m\" data-elementor-setting-key=\"title\">\n\t\t\t\t\t\t\t\tCompacity : \t\t\t\t\t\t<\/h4>\n<p>1500mAh\/3.7V\/5.55Wh<\/p>\n<h4\t\t\t\t\t\tclass=\"info-box-title title box-title-style-default wd-fontsize-m\" data-elementor-setting-key=\"title\">\n\t\t\t\t\t\t\t\tTotal Output\t: \t\t\t\t\t\t<\/h4>\n<p>5V\/1A 5W<\/p>\n<h4\t\t\t\t\t\tclass=\"info-box-title title box-title-style-default wd-fontsize-m\" data-elementor-setting-key=\"title\">\n\t\t\t\t\t\t\t\tAMP Power\t:\t\t\t\t\t\t<\/h4>\n<p>5W<\/p>\n<h4\t\t\t\t\t\tclass=\"info-box-title title box-title-style-default wd-fontsize-m\" data-elementor-setting-key=\"title\">\n\t\t\t\t\t\t\t\tAMP Power\t:\t\t\t\t\t\t<\/h4>\n<p>HSP\/HFP\/A2DP\/AVRCP<\/p>\n<h4\t\t\t\t\t\tclass=\"info-box-title title box-title-style-default wd-fontsize-m\" data-elementor-setting-key=\"title\">\n\t\t\t\t\t\t\t\tCarrier Frequency :\t\t\t\t\t\t<\/h4>\n<p>2.402-2.480GHz<\/p>\n<h4\t\t\t\t\t\tclass=\"info-box-title title box-title-style-default wd-fontsize-m\" data-elementor-setting-key=\"title\">\n\t\t\t\t\t\t\t\tCarrier Frequency : \t\t\t\t\t\t<\/h4>\n<p>&gt;10M<\/p>\n<h4\t\t\t\t\t\tclass=\"info-box-title title box-title-style-default wd-fontsize-m\" data-elementor-setting-key=\"title\">\n\t\t\t\t\t\t\t\tFrequency response :\t\t\t\t\t\t<\/h4>\n<p>F0-20KHz<\/p>\n<h4\t\t\t\t\t\tclass=\"info-box-title title box-title-style-default wd-fontsize-m\" data-elementor-setting-key=\"title\">\n\t\t\t\t\t\t\t\tHorn sensitivity :\t\t\t\t\t\t<\/h4>\n<p>85dB<\/p>\n<h2>Packing<\/h2>\n<p>\t\t\t\t\t\t\t\t\t\t\t\t\t\t\t<img loading=\"lazy\" decoding=\"async\" width=\"1024\" height=\"629\" src=\"https:\/\/azdesign.io\/wp-content\/uploads\/2023\/09\/6358ea621d919-1024x629.jpg\" alt=\"\" srcset=\"https:\/\/azdesign.io\/wp-content\/uploads\/2023\/09\/6358ea621d919-1024x629.jpg 1024w, https:\/\/azdesign.io\/wp-content\/uploads\/2023\/09\/6358ea621d919-300x184.jpg 300w, https:\/\/azdesign.io\/wp-content\/uploads\/2023\/09\/6358ea621d919-768x472.jpg 768w, https:\/\/azdesign.io\/wp-content\/uploads\/2023\/09\/6358ea621d919-150x92.jpg 150w, https:\/\/azdesign.io\/wp-content\/uploads\/2023\/09\/6358ea621d919.jpg 1198w\" sizes=\"auto, (max-width: 1024px) 100vw, 1024px\" \/><\/p>","protected":false},"excerpt":{"rendered":"<p>Caracter\u00edsticas *Dispositivo universal*Carga y transmisi\u00f3n r\u00e1pidas*Insertar para usar*F\u00e1cil operaci\u00f3n*Material de aluminio*Tama\u00f1o mini Descripci\u00f3n del producto F\u00e1cil operaci\u00f3n Insertar para usar, no es necesario descargar controladores, es m\u00e1s conveniente. Adecuado<span class=\"excerpt-hellip\"> [\u2026]<\/span><\/p>","protected":false},"featured_media":1490,"comment_status":"open","ping_status":"closed","template":"","meta":[],"product_brand":[],"product_cat":[178],"product_tag":[],"class_list":{"0":"post-1448","1":"product","2":"type-product","3":"status-publish","4":"has-post-thumbnail","6":"product_cat-lignio-brand","8":"first","9":"instock","10":"shipping-taxable","11":"purchasable","12":"product-type-simple"},"_links":{"self":[{"href":"https:\/\/tvallstream.store\/es\/wp-json\/wp\/v2\/product\/1448","targetHints":{"allow":["GET"]}}],"collection":[{"href":"https:\/\/tvallstream.store\/es\/wp-json\/wp\/v2\/product"}],"about":[{"href":"https:\/\/tvallstream.store\/es\/wp-json\/wp\/v2\/types\/product"}],"replies":[{"embeddable":true,"href":"https:\/\/tvallstream.store\/es\/wp-json\/wp\/v2\/comments?post=1448"}],"version-history":[{"count":3,"href":"https:\/\/tvallstream.store\/es\/wp-json\/wp\/v2\/product\/1448\/revisions"}],"predecessor-version":[{"id":1664,"href":"https:\/\/tvallstream.store\/es\/wp-json\/wp\/v2\/product\/1448\/revisions\/1664"}],"wp:featuredmedia":[{"embeddable":true,"href":"https:\/\/tvallstream.store\/es\/wp-json\/wp\/v2\/media\/1490"}],"wp:attachment":[{"href":"https:\/\/tvallstream.store\/es\/wp-json\/wp\/v2\/media?parent=1448"}],"wp:term":[{"taxonomy":"product_brand","embeddable":true,"href":"https:\/\/tvallstream.store\/es\/wp-json\/wp\/v2\/product_brand?post=1448"},{"taxonomy":"product_cat","embeddable":true,"href":"https:\/\/tvallstream.store\/es\/wp-json\/wp\/v2\/product_cat?post=1448"},{"taxonomy":"product_tag","embeddable":true,"href":"https:\/\/tvallstream.store\/es\/wp-json\/wp\/v2\/product_tag?post=1448"}],"curies":[{"name":"wp","href":"https:\/\/api.w.org\/{rel}","templated":true}]}}